{"id":683,"date":"2018-07-25T15:06:14","date_gmt":"2018-07-25T18:06:14","guid":{"rendered":"https:\/\/institutosanvicente-tuc.infd.edu.ar\/sitio\/?page_id=683"},"modified":"2019-12-16T21:52:17","modified_gmt":"2019-12-17T00:52:17","slug":"institucional","status":"publish","type":"page","link":"https:\/\/institutosanvicente-tuc.infd.edu.ar\/sitio\/institucional\/","title":{"rendered":"El Instituto"},"content":{"rendered":"<p><img decoding=\"async\" loading=\"lazy\" class=\"wp-image-787 alignright\" src=\"https:\/\/institutosanvicente-tuc.infd.edu.ar\/sitio\/wp-content\/uploads\/2019\/12\/isv-1000x750.jpg\" alt=\"\" width=\"552\" height=\"414\" srcset=\"https:\/\/institutosanvicente-tuc.infd.edu.ar\/sitio\/wp-content\/uploads\/2019\/12\/isv-1000x750.jpg 1000w, https:\/\/institutosanvicente-tuc.infd.edu.ar\/sitio\/wp-content\/uploads\/2019\/12\/isv-768x576.jpg 768w, https:\/\/institutosanvicente-tuc.infd.edu.ar\/sitio\/wp-content\/uploads\/2019\/12\/isv-1900x1425.jpg 1900w\" sizes=\"(max-width: 552px) 100vw, 552px\" \/><\/p>\n<p><strong>El<\/strong>\u00a0<strong>Instituto San Vicente de Paul nivel Superior<\/strong> desarrolla sus actividades de lunes a viernes desde 18:30 a 23:00 hs.<\/p>\n<p>Somos una instituci\u00f3n educativa parroquial integrada por alumnos, padres, docentes y directivos unidos con el fin de gestionar y brindar calidad educativa en la provincia de Tucum\u00e1n. Desde el inicio de nuestra historia forjamos una trayectoria de constante crecimiento y\u00a0 fortalecimiento en calidad educativa. Nuestros valores son el reflejo del compromiso y entrega.<\/p>\n<p>Como instituci\u00f3n educativa hemos desarrollado sistem\u00e1ticamente la actualizaci\u00f3n y adecuaci\u00f3n de la estructura curricular de cada carrera siguiendo\u00a0 los lineamientos dictados por el Ministerio de Educaci\u00f3n de la Naci\u00f3n y el Ministerio de Educaci\u00f3n de nuestra Provincia de Tucum\u00e1n para lograr\u00a0\u00a0una oferta educativa que pueda dar respuestas las necesidades de nuestros alumnos y vecinos\u00a0 formando profesionales ejemplares y requeridos por sus competencias, habilidades y vocaci\u00f3n.<\/p>\n<p>&nbsp;<\/p>\n","protected":false},"excerpt":{"rendered":"<p>El\u00a0Instituto San Vicente de Paul nivel Superior desarrolla sus actividades de lunes a viernes desde 18:30 a 23:00 hs. Somos una instituci\u00f3n educativa parroquial integrada por alumnos, padres, docentes y directivos unidos con el fin de gestionar y brindar calidad educativa en la provincia de Tucum\u00e1n. Desde el inicio de nuestra historia forjamos una trayectoria &#8230; <a title=\"El Instituto\" class=\"read-more\" href=\"https:\/\/institutosanvicente-tuc.infd.edu.ar\/sitio\/institucional\/\" aria-label=\"More on El Instituto\">[+]<\/a><\/p>\n","protected":false},"author":6,"featured_media":0,"parent":0,"menu_order":0,"comment_status":"closed","ping_status":"closed","template":"","meta":[],"acf":[],"_links":{"self":[{"href":"https:\/\/institutosanvicente-tuc.infd.edu.ar\/sitio\/wp-json\/wp\/v2\/pages\/683"}],"collection":[{"href":"https:\/\/institutosanvicente-tuc.infd.edu.ar\/sitio\/wp-json\/wp\/v2\/pages"}],"about":[{"href":"https:\/\/institutosanvicente-tuc.infd.edu.ar\/sitio\/wp-json\/wp\/v2\/types\/page"}],"author":[{"embeddable":true,"href":"https:\/\/institutosanvicente-tuc.infd.edu.ar\/sitio\/wp-json\/wp\/v2\/users\/6"}],"replies":[{"embeddable":true,"href":"https:\/\/institutosanvicente-tuc.infd.edu.ar\/sitio\/wp-json\/wp\/v2\/comments?post=683"}],"version-history":[{"count":7,"href":"https:\/\/institutosanvicente-tuc.infd.edu.ar\/sitio\/wp-json\/wp\/v2\/pages\/683\/revisions"}],"predecessor-version":[{"id":819,"href":"https:\/\/institutosanvicente-tuc.infd.edu.ar\/sitio\/wp-json\/wp\/v2\/pages\/683\/revisions\/819"}],"wp:attachment":[{"href":"https:\/\/institutosanvicente-tuc.infd.edu.ar\/sitio\/wp-json\/wp\/v2\/media?parent=683"}],"curies":[{"name":"wp","href":"https:\/\/api.w.org\/{rel}","templated":true}]}}